{"id":47,"date":"2016-10-11T09:25:11","date_gmt":"2016-10-11T09:25:11","guid":{"rendered":"http:\/\/localhost:8080\/act\/?page_id=47"},"modified":"2021-06-28T20:40:40","modified_gmt":"2021-06-28T20:40:40","slug":"news-events","status":"publish","type":"page","link":"https:\/\/mariamulher.org.br\/index.php\/news-events\/","title":{"rendered":"News-Events"},"content":{"rendered":"<p>[vc_row full_width=&#8221;stretch_row_content&#8221; klb_style=&#8221;overlaylight&#8221;][vc_column klb_css_animation=&#8221;wow animated fadeInDown&#8221; offset=&#8221;vc_col-lg-offset-2 vc_col-lg-8&#8243;]<div class=\"klb-title\" style=\"text-align:center\"><h1 style=\"color:#000\">Not\u00edcias e Eventos<\/h1><div class=\"accent-rule-short\" style=\"border-top:1px solid rgba(0,0,0,0.2) !important;\"><\/div><h2 style=\"color:#000\">Acompanhe e participe das atividades de Maria Mulher.<\/h2><\/div>[\/vc_column][vc_column offset=&#8221;vc_col-lg-8 vc_col-md-8&#8243;][vc_tta_tabs shape=&#8221;square&#8221; active_section=&#8221;1&#8243;][vc_tta_section title=&#8221;Not\u00edcias&#8221; tab_id=&#8221;1476180581737-194383b6-5433&#8243;]\r\n\t\t\t\t\t<div id=\"custom-scrollbar-rec-news\" class=\"custom-scrollbar\">\r\n\t\t\t\t\t<div class=\"scrollbar\"><div class=\"track\"><div class=\"thumb\"><div class=\"end\"><\/div><\/div><\/div><\/div>\r\n\t\t\t\t\t\t<div class=\"viewport\">\r\n\t\t\t\t\t\t\t<ul class=\"list-unstyled list-vert-solid-line-bottom overview col-lg-11 col-xs-11\">\r\n\t\t\t\t\t\t\t<li><div class=\"thumbnail-md\"><img decoding=\"async\" src=\"\" class=\"img-responsive pull-left\" alt=\"image\"><\/div><div class=\"blog-right-klb\"><a href=\"https:\/\/mariamulher.org.br\/index.php\/2025\/05\/10\/pesquisa-de-mercado-para-contratac%cc%a7a%cc%83o-de-assistente-administrativo\/\"><h4>Pesquisa de Mercado para contratac\u0327a\u0303o de Assistente Administrativo <\/h4><\/a><span class=\"time-stamp\">maio 10, 2025 by projetos<\/span><\/div><\/li><li><div class=\"thumbnail-md\"><img decoding=\"async\" src=\"\" class=\"img-responsive pull-left\" alt=\"image\"><\/div><div class=\"blog-right-klb\"><a href=\"https:\/\/mariamulher.org.br\/index.php\/2025\/09\/29\/termo-de-fomento-972310-pesquisa-de-mercado-06-2025\/\"><h4>TERMO DE FOMENTO 972310 PESQUISA DE MERCADO 06\/2025 <\/h4><\/a><span class=\"time-stamp\">setembro 29, 2025 by projetos<\/span><\/div><\/li><li><div class=\"thumbnail-md\"><img decoding=\"async\" src=\"\" class=\"img-responsive pull-left\" alt=\"image\"><\/div><div class=\"blog-right-klb\"><a href=\"https:\/\/mariamulher.org.br\/index.php\/2025\/07\/28\/prorrogacao-de-prazo-termo-de-fomento-972310pesquisa-de-mercado-03-2025-16-07-2025\/\"><h4>PRORROGA\u00c7\u00c3O DE PRAZO &#8211; TERMO DE FOMENTO 972310PESQUISA DE MERCADO 03\/2025 \u2013 16\/07\/2025 <\/h4><\/a><span class=\"time-stamp\">julho 28, 2025 by projetos<\/span><\/div><\/li><li><div class=\"thumbnail-md\"><img decoding=\"async\" src=\"\" class=\"img-responsive pull-left\" alt=\"image\"><\/div><div class=\"blog-right-klb\"><a href=\"https:\/\/mariamulher.org.br\/index.php\/2025\/07\/22\/pesquisa-de-mercado-professores-e-produtora\/\"><h4>PESQUISA DE MERCADO &#8211; Professores e Produtora <\/h4><\/a><span class=\"time-stamp\">julho 22, 2025 by projetos<\/span><\/div><\/li><li><div class=\"thumbnail-md\"><img decoding=\"async\" src=\"\" class=\"img-responsive pull-left\" alt=\"image\"><\/div><div class=\"blog-right-klb\"><a href=\"https:\/\/mariamulher.org.br\/index.php\/2025\/05\/10\/pesquisa-de-mercado-assessoria-de-comunicacao\/\"><h4>Pesquisa de Mercado &#8211; Assessoria de Comunica\u00e7\u00e3o <\/h4><\/a><span class=\"time-stamp\">maio 10, 2025 by projetos<\/span><\/div><\/li><li><div class=\"thumbnail-md\"><img decoding=\"async\" src=\"\" class=\"img-responsive pull-left\" alt=\"image\"><\/div><div class=\"blog-right-klb\"><a href=\"https:\/\/mariamulher.org.br\/index.php\/2025\/01\/21\/emenda-parlamentar-da-deputada-reginete-bispo-contempla-acoes-de-maria-mulher\/\"><h4>Emenda parlamentar da Deputada Reginete Bispo contempla a\u00e7\u00f5es de Maria Mulher <\/h4><\/a><span class=\"time-stamp\">janeiro 21, 2025 by projetos<\/span><\/div><\/li>\r\n\t\t\t\t\t\t\t<\/ul>\r\n\t\t\t\t\t\t<\/div>\r\n\t\t\t\t\t<\/div>[\/vc_tta_section][vc_tta_section title=&#8221;Eventos&#8221; tab_id=&#8221;1476180581760-0a7999eb-e0df&#8221;]\t<div class=\"klb-event\">\r\n\t\t\t\t\t<div class=\"carousel slide carousel-fade\" id=\"carousel_2\">\r\n\t\t\t\t\t\t<div class=\"carousel-inner\">\r\n                          <div class=\"item active\">\r\n                                <div class=\"col-lg-12 row-of-columns\"><div class=\"col-md-3 bg-brand-primary\"><div class=\"event-date text-center \"><h4 class=\"bold\" >janeiro<\/h4><h1>20<\/h1><\/div><\/div><div class=\"col-md-9\"><span class=\"event-icon\"><i class=\"fa fa-book fa-2x text-warning\"><\/i><\/span><a href=\"https:\/\/mariamulher.org.br\/index.php\/event\/emenda-parlamentar-da-deputada-reginete-bispo-contempla-acoes-de-maria-mulher\/\"><h4>Emenda parlamentar da Deputada Reginete  Bispo contempla a\u00e7\u00f5es de Maria Mulher<\/h4><\/a><br><ul class=\"list-inline list-unstyled event-details list-vert-solid-line-left\"><li><i class=\"fa fa-clock-o\"><\/i>&nbsp;&nbsp;5:00 PM <\/li><li><a href=\"javascript:void(0)\"><\/a> <\/li><\/ul><\/div><\/div><div class=\"clearfix\"><\/div><hr class=\"medium\"><div class=\"col-lg-12 row-of-columns\"><div class=\"col-md-3 bg-brand-primary\"><div class=\"event-date text-center \"><h4 class=\"bold\" >maio<\/h4><h1>10<\/h1><\/div><\/div><div class=\"col-md-9\"><span class=\"event-icon\"><i class=\"fa fa-book fa-2x text-warning\"><\/i><\/span><a href=\"https:\/\/mariamulher.org.br\/index.php\/event\/pesquisa-de-mercado-para-contratacao-de-assessoria-de-comunicacao-termo-de-fomento-972310\/\"><h4>Pesquisa de Mercado para contrata\u00e7\u00e3o de Assessoria de Comunica\u00e7\u00e3o &#8211; TERMO DE FOMENTO 972310<\/h4><\/a><br><ul class=\"list-inline list-unstyled event-details list-vert-solid-line-left\"><li><i class=\"fa fa-clock-o\"><\/i>&nbsp;&nbsp;5:00 PM <\/li><li><a href=\"javascript:void(0)\"><\/a> <\/li><\/ul><\/div><\/div><div class=\"clearfix\"><\/div><hr class=\"medium\"><\/div><div class=\"item\"><div class=\"col-lg-12 row-of-columns\"><div class=\"col-md-3 bg-brand-primary\"><div class=\"event-date text-center \"><h4 class=\"bold\" >maio<\/h4><h1>12<\/h1><\/div><\/div><div class=\"col-md-9\"><span class=\"event-icon\"><i class=\"fa fa-book fa-2x text-warning\"><\/i><\/span><a href=\"https:\/\/mariamulher.org.br\/index.php\/event\/contrata-assistente-administrativo\/\"><h4>Pesquisa de Mercado &#8211; Assistente Administrativo<\/h4><\/a><br><ul class=\"list-inline list-unstyled event-details list-vert-solid-line-left\"><li><i class=\"fa fa-clock-o\"><\/i>&nbsp;&nbsp;11:30 PM <\/li><li><a href=\"javascript:void(0)\"><\/a> <\/li><\/ul><\/div><\/div><div class=\"clearfix\"><\/div><hr class=\"medium\"><div class=\"col-lg-12 row-of-columns\"><div class=\"col-md-3 bg-brand-primary\"><div class=\"event-date text-center \"><h4 class=\"bold\" >maio<\/h4><h1>14<\/h1><\/div><\/div><div class=\"col-md-9\"><span class=\"event-icon\"><i class=\"fa fa-book fa-2x text-warning\"><\/i><\/span><a href=\"https:\/\/mariamulher.org.br\/index.php\/event\/pesquisa-material-pedag\/\"><h4>Pesquisa de Mercado &#8211; aquisi\u00e7\u00e3o de material pedag\u00f3gico<\/h4><\/a><br><ul class=\"list-inline list-unstyled event-details list-vert-solid-line-left\"><li><i class=\"fa fa-clock-o\"><\/i>&nbsp;&nbsp;5:00 PM <\/li><li><a href=\"javascript:void(0)\"><\/a> <\/li><\/ul><\/div><\/div><div class=\"clearfix\"><\/div><hr class=\"medium\"><\/div><div class=\"item\"><div class=\"col-lg-12 row-of-columns\"><div class=\"col-md-3 bg-brand-primary\"><div class=\"event-date text-center \"><h4 class=\"bold\" >maio<\/h4><h1>14<\/h1><\/div><\/div><div class=\"col-md-9\"><span class=\"event-icon\"><i class=\"fa fa-book fa-2x text-warning\"><\/i><\/span><a href=\"https:\/\/mariamulher.org.br\/index.php\/event\/pesquisa-de-mercado-para-locacoes\/\"><h4>Pesquisa de Mercado para loca\u00e7\u00f5es, hospedagens e alimenta\u00e7\u00e3o<\/h4><\/a><br><ul class=\"list-inline list-unstyled event-details list-vert-solid-line-left\"><li><i class=\"fa fa-clock-o\"><\/i>&nbsp;&nbsp;5:00 PM <\/li><li><a href=\"javascript:void(0)\"><\/a> <\/li><\/ul><\/div><\/div><div class=\"clearfix\"><\/div><hr class=\"medium\"><div class=\"col-lg-12 row-of-columns\"><div class=\"col-md-3 bg-brand-primary\"><div class=\"event-date text-center \"><h4 class=\"bold\" >setembro<\/h4><h1>29<\/h1><\/div><\/div><div class=\"col-md-9\"><span class=\"event-icon\"><i class=\"fa fa-book fa-2x text-warning\"><\/i><\/span><a href=\"https:\/\/mariamulher.org.br\/index.php\/event\/termo-de-fomento-972310-pesquisa-de-mercado-06-2025\/\"><h4>TERMO DE FOMENTO 972310  &#8211; PESQUISA DE MERCADO 06\/2025<\/h4><\/a><br><ul class=\"list-inline list-unstyled event-details list-vert-solid-line-left\"><li><i class=\"fa fa-clock-o\"><\/i>&nbsp;&nbsp;5:00 PM <\/li><li><a href=\"javascript:void(0)\"><\/a> <\/li><\/ul><\/div><\/div><div class=\"clearfix\"><\/div><hr class=\"medium\"><\/div><div class=\"item\">\r\n                           <\/div>\r\n\t\t\t\t\t\t<\/div>\r\n\t\t\t\t\t\t  <a class=\"left carousel-control\" href=\"#carousel_2\" role=\"button\" data-slide=\"prev\">\r\n\t\t\t\t\t\t\t<span class=\"glyphicon glyphicon-chevron-left text-secondary-lighter\"><\/span>\r\n\t\t\t\t\t\t  <\/a>\r\n\t\t\t\t\t\t  <a class=\"right carousel-control\" href=\"#carousel_2\" role=\"button\" data-slide=\"next\">\r\n\t\t\t\t\t\t\t<span class=\"glyphicon glyphicon-chevron-right text-secondary-lighter\"><\/span>\r\n\t\t\t\t\t\t  <\/a>\r\n\t\t\t\t\t<\/div>\r\n\t\t\t\t<\/div>[\/vc_tta_section][\/vc_tta_tabs][\/vc_column][\/vc_row]<\/p>\n","protected":false},"excerpt":{"rendered":"<p>[vc_row full_width=&#8221;stretch_row_content&#8221; klb_style=&#8221;overlaylight&#8221;][vc_column klb_css_animation=&#8221;wow animated fadeInDown&#8221; offset=&#8221;vc_col-lg-offset-2 vc_col-lg-8&#8243;][\/vc_column][vc_column offset=&#8221;vc_col-lg-8 vc_col-md-8&#8243;][vc_tta_tabs shape=&#8221;square&#8221; active_section=&#8221;1&#8243;][vc_tta_section title=&#8221;Not\u00edcias&#8221; tab_id=&#8221;1476180581737-194383b6-5433&#8243;][\/vc_tta_section][vc_tta_section title=&#8221;Eventos&#8221; tab_id=&#8221;1476180581760-0a7999eb-e0df&#8221;][\/vc_tta_section][\/vc_tta_tabs][\/vc_column][\/vc_row]<\/p>\n","protected":false},"author":1,"featured_media":0,"parent":0,"menu_order":0,"comment_status":"closed","ping_status":"closed","template":"","meta":{"om_disable_all_campaigns":false,"_monsterinsights_skip_tracking":false,"_monsterinsights_sitenote_active":false,"_monsterinsights_sitenote_note":"","_monsterinsights_sitenote_category":0,"footnotes":""},"class_list":["post-47","page","type-page","status-publish","hentry"],"_links":{"self":[{"href":"https:\/\/mariamulher.org.br\/index.php\/wp-json\/wp\/v2\/pages\/47","targetHints":{"allow":["GET"]}}],"collection":[{"href":"https:\/\/mariamulher.org.br\/index.php\/wp-json\/wp\/v2\/pages"}],"about":[{"href":"https:\/\/mariamulher.org.br\/index.php\/wp-json\/wp\/v2\/types\/page"}],"author":[{"embeddable":true,"href":"https:\/\/mariamulher.org.br\/index.php\/wp-json\/wp\/v2\/users\/1"}],"replies":[{"embeddable":true,"href":"https:\/\/mariamulher.org.br\/index.php\/wp-json\/wp\/v2\/comments?post=47"}],"version-history":[{"count":9,"href":"https:\/\/mariamulher.org.br\/index.php\/wp-json\/wp\/v2\/pages\/47\/revisions"}],"predecessor-version":[{"id":3344,"href":"https:\/\/mariamulher.org.br\/index.php\/wp-json\/wp\/v2\/pages\/47\/revisions\/3344"}],"wp:attachment":[{"href":"https:\/\/mariamulher.org.br\/index.php\/wp-json\/wp\/v2\/media?parent=47"}],"curies":[{"name":"wp","href":"https:\/\/api.w.org\/{rel}","templated":true}]}}